{"id":9514,"date":"2022-10-18T14:09:10","date_gmt":"2022-10-18T12:09:10","guid":{"rendered":"https:\/\/berg-berg.com\/?post_type=product&#038;p=9514"},"modified":"2022-10-20T13:13:01","modified_gmt":"2022-10-20T11:13:01","slug":"eiche-oesterlen-xxl","status":"publish","type":"product","link":"https:\/\/berg-berg.com\/de\/produkt\/eiche-oesterlen-xxl\/","title":{"rendered":"Eiche \u00d6sterlen XXL"},"content":{"rendered":"<p>St\u00e4rke: 14 mm<br \/>\nBreite: 198 mm<br \/>\nL\u00e4nge: 2.390 mm (inkl. max 1\/3 k\u00fcrzere L\u00e4ngen)<br \/>\nDeckschicht: 3,8 mm<br \/>\n<span class=\"markedContent\"><span id=\"page49R_mcid5\" class=\"markedContent\"><span dir=\"ltr\" role=\"presentation\">geb\u00fcrstet, extra wei\u00df, ultramatt lackier<\/span><\/span><\/span>t<\/p>\n","protected":false},"excerpt":{"rendered":"<p>St\u00e4rke: 14 mm Breite: 198 mm L\u00e4nge: 2.390 mm (inkl. max 1\/3 k\u00fcrzere L\u00e4ngen) Deckschicht: 3,8 mm geb\u00fcrstet, extra wei\u00df, ultramatt lackiert<\/p>\n","protected":false},"featured_media":9517,"template":"","meta":{"_acf_changed":false,"inline_featured_image":false},"product_brand":[],"product_cat":[65],"product_tag":[],"class_list":{"0":"post-9514","1":"product","2":"type-product","3":"status-publish","4":"has-post-thumbnail","6":"product_cat-eiche","7":"color-weiss","8":"woody-xxl-landhausdiele","9":"refinement-gebuerstet","11":"first","12":"instock","13":"shipping-taxable","14":"product-type-simple"},"acf":[],"_links":{"self":[{"href":"https:\/\/berg-berg.com\/de\/wp-json\/wp\/v2\/product\/9514","targetHints":{"allow":["GET"]}}],"collection":[{"href":"https:\/\/berg-berg.com\/de\/wp-json\/wp\/v2\/product"}],"about":[{"href":"https:\/\/berg-berg.com\/de\/wp-json\/wp\/v2\/types\/product"}],"wp:featuredmedia":[{"embeddable":true,"href":"https:\/\/berg-berg.com\/de\/wp-json\/wp\/v2\/media\/9517"}],"wp:attachment":[{"href":"https:\/\/berg-berg.com\/de\/wp-json\/wp\/v2\/media?parent=9514"}],"wp:term":[{"taxonomy":"product_brand","embeddable":true,"href":"https:\/\/berg-berg.com\/de\/wp-json\/wp\/v2\/product_brand?post=9514"},{"taxonomy":"product_cat","embeddable":true,"href":"https:\/\/berg-berg.com\/de\/wp-json\/wp\/v2\/product_cat?post=9514"},{"taxonomy":"product_tag","embeddable":true,"href":"https:\/\/berg-berg.com\/de\/wp-json\/wp\/v2\/product_tag?post=9514"}],"curies":[{"name":"wp","href":"https:\/\/api.w.org\/{rel}","templated":true}]}}