{"id":4998,"date":"2020-08-07T09:33:37","date_gmt":"2020-08-07T07:33:37","guid":{"rendered":"https:\/\/berg-berg.com\/?post_type=product&#038;p=4998"},"modified":"2021-12-06T10:22:06","modified_gmt":"2021-12-06T09:22:06","slug":"norrlands-kiefer-xxl-weiss","status":"publish","type":"product","link":"https:\/\/berg-berg.com\/de\/produkt\/norrlands-kiefer-xxl-weiss\/","title":{"rendered":"Norrlands Kiefer XXL wei\u00df"},"content":{"rendered":"<p>Landhausdiele Fertigparkett<br \/>\nSt\u00e4rke: 14 mm<br \/>\nBreite: 198 mm<br \/>\nL\u00e4nge: 2.390 mm (inkl. max 1\/3 k\u00fcrzere L\u00e4ngen)<br \/>\nDeckschicht: 3,8 mm<br \/>\ngelaugt, wei\u00df ge\u00f6lt (7582017502)<br \/>\nwei\u00dflasiert mattlackiert (7582013802)<br \/>\nErsteinpflege mit Pflege\u00f6l wei\u00df erforderlich<\/p>\n","protected":false},"excerpt":{"rendered":"<p>Landhausdiele Fertigparkett St\u00e4rke: 14 mm Breite: 198 mm L\u00e4nge: 2.390 mm (inkl. max 1\/3 k\u00fcrzere L\u00e4ngen) Deckschicht: 3,8 mm gelaugt, wei\u00df ge\u00f6lt (7582017502) wei\u00dflasiert mattlackiert (7582013802) Ersteinpflege mit Pflege\u00f6l wei\u00df erforderlich<\/p>\n","protected":false},"featured_media":2238,"template":"","meta":{"_acf_changed":false,"inline_featured_image":false},"product_brand":[],"product_cat":[70],"product_tag":[],"class_list":{"0":"post-4998","1":"product","2":"type-product","3":"status-publish","4":"has-post-thumbnail","6":"product_cat-kiefer","7":"color-weiss","8":"woody-xxl-landhausdiele","9":"interface-geoelt","10":"sort-astig","11":"refinement-fein-geschliffen","13":"first","14":"instock","15":"shipping-taxable","16":"product-type-simple"},"acf":[],"_links":{"self":[{"href":"https:\/\/berg-berg.com\/de\/wp-json\/wp\/v2\/product\/4998","targetHints":{"allow":["GET"]}}],"collection":[{"href":"https:\/\/berg-berg.com\/de\/wp-json\/wp\/v2\/product"}],"about":[{"href":"https:\/\/berg-berg.com\/de\/wp-json\/wp\/v2\/types\/product"}],"wp:featuredmedia":[{"embeddable":true,"href":"https:\/\/berg-berg.com\/de\/wp-json\/wp\/v2\/media\/2238"}],"wp:attachment":[{"href":"https:\/\/berg-berg.com\/de\/wp-json\/wp\/v2\/media?parent=4998"}],"wp:term":[{"taxonomy":"product_brand","embeddable":true,"href":"https:\/\/berg-berg.com\/de\/wp-json\/wp\/v2\/product_brand?post=4998"},{"taxonomy":"product_cat","embeddable":true,"href":"https:\/\/berg-berg.com\/de\/wp-json\/wp\/v2\/product_cat?post=4998"},{"taxonomy":"product_tag","embeddable":true,"href":"https:\/\/berg-berg.com\/de\/wp-json\/wp\/v2\/product_tag?post=4998"}],"curies":[{"name":"wp","href":"https:\/\/api.w.org\/{rel}","templated":true}]}}