{"id":478,"date":"2020-03-22T11:42:34","date_gmt":"2020-03-22T10:42:34","guid":{"rendered":"https:\/\/bergberg.heska.mp\/?post_type=product&#038;p=478"},"modified":"2022-05-12T11:23:18","modified_gmt":"2022-05-12T09:23:18","slug":"eiche-xxl-lebhaft-natur","status":"publish","type":"product","link":"https:\/\/berg-berg.com\/de\/produkt\/eiche-xxl-lebhaft-natur\/","title":{"rendered":"Eiche XXL Lebhaft natur"},"content":{"rendered":"<p>Landhausdiele Fertigparkett<br \/>\nSt\u00e4rke: 14 mm<br \/>\nBreite: 198 mm<br \/>\nL\u00e4ngen: 2.390 mm (inkl. max 1\/3 k\u00fcrzere L\u00e4ngen)<br \/>\nDeckschicht: 3,8 mm<br \/>\ngeb\u00fcrstet natur ge\u00f6lt (7414015020)<\/p>\n","protected":false},"excerpt":{"rendered":"<p>Landhausdiele Fertigparkett St\u00e4rke: 14 mm Breite: 198 mm L\u00e4ngen: 2.390 mm (inkl. max 1\/3 k\u00fcrzere L\u00e4ngen) Deckschicht: 3,8 mm geb\u00fcrstet natur ge\u00f6lt (7414015020)<\/p>\n","protected":false},"featured_media":482,"template":"","meta":{"_acf_changed":false,"inline_featured_image":false},"product_brand":[],"product_cat":[65],"product_tag":[],"class_list":{"0":"post-478","1":"product","2":"type-product","3":"status-publish","4":"has-post-thumbnail","6":"product_cat-eiche","7":"color-natur","8":"woody-xxl-landhausdiele","9":"interface-geoelt","10":"interface-mattlackiert","11":"sort-lebhaft","12":"refinement-fein-geschliffen","13":"refinement-gebuerstet","15":"first","16":"instock","17":"shipping-taxable","18":"product-type-simple"},"acf":[],"_links":{"self":[{"href":"https:\/\/berg-berg.com\/de\/wp-json\/wp\/v2\/product\/478","targetHints":{"allow":["GET"]}}],"collection":[{"href":"https:\/\/berg-berg.com\/de\/wp-json\/wp\/v2\/product"}],"about":[{"href":"https:\/\/berg-berg.com\/de\/wp-json\/wp\/v2\/types\/product"}],"wp:featuredmedia":[{"embeddable":true,"href":"https:\/\/berg-berg.com\/de\/wp-json\/wp\/v2\/media\/482"}],"wp:attachment":[{"href":"https:\/\/berg-berg.com\/de\/wp-json\/wp\/v2\/media?parent=478"}],"wp:term":[{"taxonomy":"product_brand","embeddable":true,"href":"https:\/\/berg-berg.com\/de\/wp-json\/wp\/v2\/product_brand?post=478"},{"taxonomy":"product_cat","embeddable":true,"href":"https:\/\/berg-berg.com\/de\/wp-json\/wp\/v2\/product_cat?post=478"},{"taxonomy":"product_tag","embeddable":true,"href":"https:\/\/berg-berg.com\/de\/wp-json\/wp\/v2\/product_tag?post=478"}],"curies":[{"name":"wp","href":"https:\/\/api.w.org\/{rel}","templated":true}]}}