{"id":471,"date":"2020-03-22T11:41:28","date_gmt":"2020-03-22T10:41:28","guid":{"rendered":"https:\/\/bergberg.heska.mp\/?post_type=product&#038;p=471"},"modified":"2022-07-19T16:34:11","modified_gmt":"2022-07-19T14:34:11","slug":"eiche-xxl-flammig-weiss","status":"publish","type":"product","link":"https:\/\/berg-berg.com\/de\/produkt\/eiche-xxl-flammig-weiss\/","title":{"rendered":"Wildeiche XXL wei\u00df"},"content":{"rendered":"<p>Landhausdiele Fertigparkett<br \/>\nSt\u00e4rke: 14 mm<br \/>\nBreite: 198 mm<br \/>\nL\u00e4nge: 2.390 mm (inkl. max 1\/3 k\u00fcrzere L\u00e4ngen)<br \/>\nDeckschicht: 3,8 mm<br \/>\ngeb\u00fcrstet wei\u00df\u00a0ge\u00f6lt (7415017020)<br \/>\ngeb\u00fcrstet wei\u00df matt lackiert (7415013027)<\/p>\n","protected":false},"excerpt":{"rendered":"<p>Landhausdiele Fertigparkett St\u00e4rke: 14 mm Breite: 198 mm L\u00e4nge: 2.390 mm (inkl. max 1\/3 k\u00fcrzere L\u00e4ngen) Deckschicht: 3,8 mm geb\u00fcrstet wei\u00df\u00a0ge\u00f6lt (7415017020) geb\u00fcrstet wei\u00df matt lackiert (7415013027)<\/p>\n","protected":false},"featured_media":475,"template":"","meta":{"_acf_changed":false,"inline_featured_image":false},"product_brand":[],"product_cat":[65],"product_tag":[],"class_list":{"0":"post-471","1":"product","2":"type-product","3":"status-publish","4":"has-post-thumbnail","6":"product_cat-eiche","7":"color-hell","8":"woody-xxl-landhausdiele","9":"interface-geoelt","10":"interface-mattlackiert","11":"sort-de-wild","12":"refinement-gebuerstet","14":"first","15":"instock","16":"shipping-taxable","17":"product-type-simple"},"acf":[],"_links":{"self":[{"href":"https:\/\/berg-berg.com\/de\/wp-json\/wp\/v2\/product\/471","targetHints":{"allow":["GET"]}}],"collection":[{"href":"https:\/\/berg-berg.com\/de\/wp-json\/wp\/v2\/product"}],"about":[{"href":"https:\/\/berg-berg.com\/de\/wp-json\/wp\/v2\/types\/product"}],"wp:featuredmedia":[{"embeddable":true,"href":"https:\/\/berg-berg.com\/de\/wp-json\/wp\/v2\/media\/475"}],"wp:attachment":[{"href":"https:\/\/berg-berg.com\/de\/wp-json\/wp\/v2\/media?parent=471"}],"wp:term":[{"taxonomy":"product_brand","embeddable":true,"href":"https:\/\/berg-berg.com\/de\/wp-json\/wp\/v2\/product_brand?post=471"},{"taxonomy":"product_cat","embeddable":true,"href":"https:\/\/berg-berg.com\/de\/wp-json\/wp\/v2\/product_cat?post=471"},{"taxonomy":"product_tag","embeddable":true,"href":"https:\/\/berg-berg.com\/de\/wp-json\/wp\/v2\/product_tag?post=471"}],"curies":[{"name":"wp","href":"https:\/\/api.w.org\/{rel}","templated":true}]}}