{"id":443,"date":"2020-03-22T11:28:42","date_gmt":"2020-03-22T10:28:42","guid":{"rendered":"https:\/\/bergberg.heska.mp\/?post_type=product&#038;p=443"},"modified":"2022-05-12T14:25:43","modified_gmt":"2022-05-12T12:25:43","slug":"eiche-xs-weiss","status":"publish","type":"product","link":"https:\/\/berg-berg.com\/de\/produkt\/eiche-xs-weiss\/","title":{"rendered":"Eiche XS wei\u00df"},"content":{"rendered":"<p>Hochkant Design Parkett<br \/>\nSt\u00e4rke: 14 mm<br \/>\nBreite: 198 mm<br \/>\nL\u00e4nge: 2.390 mm<br \/>\nDeckschicht: 3,8 mm<br \/>\n<span class=\"Y2IQFc\" lang=\"de\">geb\u00fcrstet <\/span>wei\u00df ge\u00f6lt (7418097022)<br \/>\nErsteinpflege mit Pflege\u00f6l wei\u00df erforderlich<\/p>\n","protected":false},"excerpt":{"rendered":"<p>Hochkant Design Parkett St\u00e4rke: 14 mm Breite: 198 mm L\u00e4nge: 2.390 mm Deckschicht: 3,8 mm geb\u00fcrstet wei\u00df ge\u00f6lt (7418097022) Ersteinpflege mit Pflege\u00f6l wei\u00df erforderlich<\/p>\n","protected":false},"featured_media":447,"template":"","meta":{"_acf_changed":false,"inline_featured_image":false},"product_brand":[],"product_cat":[65],"product_tag":[],"class_list":{"0":"post-443","1":"product","2":"type-product","3":"status-publish","4":"has-post-thumbnail","6":"product_cat-eiche","7":"color-hell","8":"woody-xs-hochkant-design","9":"interface-geoelt","10":"sort-de-wild","11":"refinement-fein-geschliffen","13":"first","14":"instock","15":"shipping-taxable","16":"product-type-simple"},"acf":[],"_links":{"self":[{"href":"https:\/\/berg-berg.com\/de\/wp-json\/wp\/v2\/product\/443","targetHints":{"allow":["GET"]}}],"collection":[{"href":"https:\/\/berg-berg.com\/de\/wp-json\/wp\/v2\/product"}],"about":[{"href":"https:\/\/berg-berg.com\/de\/wp-json\/wp\/v2\/types\/product"}],"wp:featuredmedia":[{"embeddable":true,"href":"https:\/\/berg-berg.com\/de\/wp-json\/wp\/v2\/media\/447"}],"wp:attachment":[{"href":"https:\/\/berg-berg.com\/de\/wp-json\/wp\/v2\/media?parent=443"}],"wp:term":[{"taxonomy":"product_brand","embeddable":true,"href":"https:\/\/berg-berg.com\/de\/wp-json\/wp\/v2\/product_brand?post=443"},{"taxonomy":"product_cat","embeddable":true,"href":"https:\/\/berg-berg.com\/de\/wp-json\/wp\/v2\/product_cat?post=443"},{"taxonomy":"product_tag","embeddable":true,"href":"https:\/\/berg-berg.com\/de\/wp-json\/wp\/v2\/product_tag?post=443"}],"curies":[{"name":"wp","href":"https:\/\/api.w.org\/{rel}","templated":true}]}}