{"id":408,"date":"2020-03-22T11:20:29","date_gmt":"2020-03-22T10:20:29","guid":{"rendered":"https:\/\/bergberg.heska.mp\/?post_type=product&#038;p=408"},"modified":"2022-10-27T08:39:09","modified_gmt":"2022-10-27T06:39:09","slug":"eiche-oeland-xxl","status":"publish","type":"product","link":"https:\/\/berg-berg.com\/de\/produkt\/eiche-oeland-xxl\/","title":{"rendered":"Eiche \u00d6land XXL"},"content":{"rendered":"<p>Landhausdiele Fertigparkett<br \/>\nSt\u00e4rke: 14 mm<br \/>\nBreite: 198 mm<br \/>\nL\u00e4nge: 2.390 mm (inkl. max 1\/3 k\u00fcrzere L\u00e4ngen)<br \/>\nDeckschicht: 3,8 mm<br \/>\nfein geschliffen, gelaugt, extra wei\u00df ge\u00f6lt (7414018008)<br \/>\nfein geschliffen, extra wei\u00df, matt lackiert (7414013008)<\/p>\n","protected":false},"excerpt":{"rendered":"<p>Landhausdiele Fertigparkett St\u00e4rke: 14 mm Breite: 198 mm L\u00e4nge: 2.390 mm (inkl. max 1\/3 k\u00fcrzere L\u00e4ngen) Deckschicht: 3,8 mm fein geschliffen, gelaugt, extra wei\u00df ge\u00f6lt (7414018008) fein geschliffen, extra wei\u00df, matt lackiert (7414013008)<\/p>\n","protected":false},"featured_media":412,"template":"","meta":{"_acf_changed":false,"inline_featured_image":false},"product_brand":[],"product_cat":[65],"product_tag":[],"class_list":{"0":"post-408","1":"product","2":"type-product","3":"status-publish","4":"has-post-thumbnail","6":"product_cat-eiche","7":"color-weiss","8":"woody-xxl-landhausdiele","9":"interface-geoelt","10":"interface-mattlackiert","11":"sort-lebhaft","12":"refinement-fein-geschliffen","14":"first","15":"instock","16":"shipping-taxable","17":"product-type-simple"},"acf":[],"_links":{"self":[{"href":"https:\/\/berg-berg.com\/de\/wp-json\/wp\/v2\/product\/408","targetHints":{"allow":["GET"]}}],"collection":[{"href":"https:\/\/berg-berg.com\/de\/wp-json\/wp\/v2\/product"}],"about":[{"href":"https:\/\/berg-berg.com\/de\/wp-json\/wp\/v2\/types\/product"}],"wp:featuredmedia":[{"embeddable":true,"href":"https:\/\/berg-berg.com\/de\/wp-json\/wp\/v2\/media\/412"}],"wp:attachment":[{"href":"https:\/\/berg-berg.com\/de\/wp-json\/wp\/v2\/media?parent=408"}],"wp:term":[{"taxonomy":"product_brand","embeddable":true,"href":"https:\/\/berg-berg.com\/de\/wp-json\/wp\/v2\/product_brand?post=408"},{"taxonomy":"product_cat","embeddable":true,"href":"https:\/\/berg-berg.com\/de\/wp-json\/wp\/v2\/product_cat?post=408"},{"taxonomy":"product_tag","embeddable":true,"href":"https:\/\/berg-berg.com\/de\/wp-json\/wp\/v2\/product_tag?post=408"}],"curies":[{"name":"wp","href":"https:\/\/api.w.org\/{rel}","templated":true}]}}