{"id":352,"date":"2020-03-22T11:02:52","date_gmt":"2020-03-22T10:02:52","guid":{"rendered":"https:\/\/bergberg.heska.mp\/?post_type=product&#038;p=352"},"modified":"2022-05-12T10:53:26","modified_gmt":"2022-05-12T08:53:26","slug":"eiche-gotland-l","status":"publish","type":"product","link":"https:\/\/berg-berg.com\/de\/produkt\/eiche-gotland-l\/","title":{"rendered":"Eiche Gotland L"},"content":{"rendered":"<p>3 Stab Schiffboden Fertigparkett<br \/>\nSt\u00e4rke: 14 mm<br \/>\nBreite: 198 mm<br \/>\nL\u00e4nge: L\u00e4ngen: 2.390 mm<br \/>\nDeckschicht: 3,8 mm<br \/>\ngeb\u00fcrstet, ger\u00e4uchert, ge\u00f6lt (7414137020)<br \/>\nErsteinpflege mit Pflege\u00f6l wei\u00df erforderlich<\/p>\n","protected":false},"excerpt":{"rendered":"<p>3 Stab Schiffboden Fertigparkett St\u00e4rke: 14 mm Breite: 198 mm L\u00e4nge: L\u00e4ngen: 2.390 mm Deckschicht: 3,8 mm geb\u00fcrstet, ger\u00e4uchert, ge\u00f6lt (7414137020) Ersteinpflege mit Pflege\u00f6l wei\u00df erforderlich<\/p>\n","protected":false},"featured_media":356,"template":"","meta":{"_acf_changed":false,"inline_featured_image":false},"product_brand":[],"product_cat":[65],"product_tag":[],"class_list":{"0":"post-352","1":"product","2":"type-product","3":"status-publish","4":"has-post-thumbnail","6":"product_cat-eiche","7":"color-grau","8":"woody-l-3-stab-schiffsboden","9":"interface-geoelt","10":"sort-astig","11":"refinement-gebuerstet","13":"first","14":"instock","15":"shipping-taxable","16":"product-type-simple"},"acf":[],"_links":{"self":[{"href":"https:\/\/berg-berg.com\/de\/wp-json\/wp\/v2\/product\/352","targetHints":{"allow":["GET"]}}],"collection":[{"href":"https:\/\/berg-berg.com\/de\/wp-json\/wp\/v2\/product"}],"about":[{"href":"https:\/\/berg-berg.com\/de\/wp-json\/wp\/v2\/types\/product"}],"wp:featuredmedia":[{"embeddable":true,"href":"https:\/\/berg-berg.com\/de\/wp-json\/wp\/v2\/media\/356"}],"wp:attachment":[{"href":"https:\/\/berg-berg.com\/de\/wp-json\/wp\/v2\/media?parent=352"}],"wp:term":[{"taxonomy":"product_brand","embeddable":true,"href":"https:\/\/berg-berg.com\/de\/wp-json\/wp\/v2\/product_brand?post=352"},{"taxonomy":"product_cat","embeddable":true,"href":"https:\/\/berg-berg.com\/de\/wp-json\/wp\/v2\/product_cat?post=352"},{"taxonomy":"product_tag","embeddable":true,"href":"https:\/\/berg-berg.com\/de\/wp-json\/wp\/v2\/product_tag?post=352"}],"curies":[{"name":"wp","href":"https:\/\/api.w.org\/{rel}","templated":true}]}}