{"id":2549,"date":"2020-04-20T15:30:36","date_gmt":"2020-04-20T13:30:36","guid":{"rendered":"https:\/\/bergberg.heska.mp\/?post_type=product&#038;p=2549"},"modified":"2022-05-12T13:59:32","modified_gmt":"2022-05-12T11:59:32","slug":"wildeiche-l-weiss","status":"publish","type":"product","link":"https:\/\/berg-berg.com\/de\/produkt\/wildeiche-l-weiss\/","title":{"rendered":"Wildeiche L wei\u00df"},"content":{"rendered":"<p>3 Stab Schiffboden Fertigparkett<br \/>\nSt\u00e4rke: 14 mm<br \/>\nBreite: 198 mm<br \/>\nL\u00e4nge: 2.390 mm<br \/>\nDeckschicht: 3,8 mm<br \/>\ngeb\u00fcrstet wei\u00df ge\u00f6lt (7417037020)<\/p>\n","protected":false},"excerpt":{"rendered":"<p>3 Stab Schiffboden Fertigparkett St\u00e4rke: 14 mm Breite: 198 mm L\u00e4nge: 2.390 mm Deckschicht: 3,8 mm geb\u00fcrstet wei\u00df ge\u00f6lt (7417037020)<\/p>\n","protected":false},"featured_media":2559,"template":"","meta":{"_acf_changed":false,"inline_featured_image":false},"product_brand":[],"product_cat":[65],"product_tag":[],"class_list":{"0":"post-2549","1":"product","2":"type-product","3":"status-publish","4":"has-post-thumbnail","6":"product_cat-eiche","7":"color-hell","8":"woody-l-3-stab-schiffsboden","9":"interface-geoelt","10":"sort-de-wild","11":"refinement-fein-geschliffen","13":"first","14":"instock","15":"shipping-taxable","16":"product-type-simple"},"acf":[],"_links":{"self":[{"href":"https:\/\/berg-berg.com\/de\/wp-json\/wp\/v2\/product\/2549","targetHints":{"allow":["GET"]}}],"collection":[{"href":"https:\/\/berg-berg.com\/de\/wp-json\/wp\/v2\/product"}],"about":[{"href":"https:\/\/berg-berg.com\/de\/wp-json\/wp\/v2\/types\/product"}],"wp:featuredmedia":[{"embeddable":true,"href":"https:\/\/berg-berg.com\/de\/wp-json\/wp\/v2\/media\/2559"}],"wp:attachment":[{"href":"https:\/\/berg-berg.com\/de\/wp-json\/wp\/v2\/media?parent=2549"}],"wp:term":[{"taxonomy":"product_brand","embeddable":true,"href":"https:\/\/berg-berg.com\/de\/wp-json\/wp\/v2\/product_brand?post=2549"},{"taxonomy":"product_cat","embeddable":true,"href":"https:\/\/berg-berg.com\/de\/wp-json\/wp\/v2\/product_cat?post=2549"},{"taxonomy":"product_tag","embeddable":true,"href":"https:\/\/berg-berg.com\/de\/wp-json\/wp\/v2\/product_tag?post=2549"}],"curies":[{"name":"wp","href":"https:\/\/api.w.org\/{rel}","templated":true}]}}