{"id":226,"date":"2020-03-19T06:05:46","date_gmt":"2020-03-19T05:05:46","guid":{"rendered":"https:\/\/bergberg.heska.mp\/?post_type=product&#038;p=226"},"modified":"2022-02-08T15:17:27","modified_gmt":"2022-02-08T14:17:27","slug":"norrlandskiefer-xxl-natur","status":"publish","type":"product","link":"https:\/\/berg-berg.com\/de\/produkt\/norrlandskiefer-xxl-natur\/","title":{"rendered":"Norrlands Kiefer XXL natur"},"content":{"rendered":"<p>Landhausdiele Fertigparkett<br \/>\nSt\u00e4rke: 14 mm<br \/>\nBreite: 198 mm<br \/>\nL\u00e4nge: 2.390 mm (inkl. max 1\/3 k\u00fcrzere L\u00e4ngen)<br \/>\nDeckschicht: 3,8 mm<br \/>\ngelaugt naturge\u00f6lt<br \/>\nErsteinpflege mit Pflege\u00f6l erforderlich<br \/>\n7582015502<\/p>\n","protected":false},"excerpt":{"rendered":"<p>Landhausdiele Fertigparkett St\u00e4rke: 14 mm Breite: 198 mm L\u00e4nge: 2.390 mm (inkl. max 1\/3 k\u00fcrzere L\u00e4ngen) Deckschicht: 3,8 mm gelaugt naturge\u00f6lt Ersteinpflege mit Pflege\u00f6l erforderlich 7582015502<\/p>\n","protected":false},"featured_media":227,"template":"","meta":{"_acf_changed":false,"inline_featured_image":false},"product_brand":[],"product_cat":[70],"product_tag":[],"class_list":{"0":"post-226","1":"product","2":"type-product","3":"status-publish","4":"has-post-thumbnail","6":"product_cat-kiefer","7":"color-natur","8":"woody-xxl-landhausdiele","9":"interface-geoelt","10":"sort-astig","11":"refinement-fein-geschliffen","13":"first","14":"instock","15":"shipping-taxable","16":"product-type-simple"},"acf":[],"_links":{"self":[{"href":"https:\/\/berg-berg.com\/de\/wp-json\/wp\/v2\/product\/226","targetHints":{"allow":["GET"]}}],"collection":[{"href":"https:\/\/berg-berg.com\/de\/wp-json\/wp\/v2\/product"}],"about":[{"href":"https:\/\/berg-berg.com\/de\/wp-json\/wp\/v2\/types\/product"}],"wp:featuredmedia":[{"embeddable":true,"href":"https:\/\/berg-berg.com\/de\/wp-json\/wp\/v2\/media\/227"}],"wp:attachment":[{"href":"https:\/\/berg-berg.com\/de\/wp-json\/wp\/v2\/media?parent=226"}],"wp:term":[{"taxonomy":"product_brand","embeddable":true,"href":"https:\/\/berg-berg.com\/de\/wp-json\/wp\/v2\/product_brand?post=226"},{"taxonomy":"product_cat","embeddable":true,"href":"https:\/\/berg-berg.com\/de\/wp-json\/wp\/v2\/product_cat?post=226"},{"taxonomy":"product_tag","embeddable":true,"href":"https:\/\/berg-berg.com\/de\/wp-json\/wp\/v2\/product_tag?post=226"}],"curies":[{"name":"wp","href":"https:\/\/api.w.org\/{rel}","templated":true}]}}