{"id":224,"date":"2020-03-19T06:04:51","date_gmt":"2020-03-19T05:04:51","guid":{"rendered":"https:\/\/bergberg.heska.mp\/?post_type=product&#038;p=224"},"modified":"2021-03-08T10:08:03","modified_gmt":"2021-03-08T09:08:03","slug":"esche-ruhig-l-weiss","status":"publish","type":"product","link":"https:\/\/berg-berg.com\/de\/produkt\/esche-ruhig-l-weiss\/","title":{"rendered":"Esche L ruhig wei\u00df"},"content":{"rendered":"<p>3 Stab Schiffboden Fertigparkett<br \/>\nSt\u00e4rke: 14 mm<br \/>\nBreite: 198 mm<br \/>\nL\u00e4nge: 2.390 mm<br \/>\nDeckschicht: 3,8 mm<br \/>\nwei\u00dfge\u00f6lt (74420370009<\/p>\n","protected":false},"excerpt":{"rendered":"<p>3 Stab Schiffboden Fertigparkett St\u00e4rke: 14 mm Breite: 198 mm L\u00e4nge: 2.390 mm Deckschicht: 3,8 mm wei\u00dfge\u00f6lt (74420370009<\/p>\n","protected":false},"featured_media":2244,"template":"","meta":{"_acf_changed":false,"inline_featured_image":false},"product_brand":[],"product_cat":[67],"product_tag":[],"class_list":{"0":"post-224","1":"product","2":"type-product","3":"status-publish","4":"has-post-thumbnail","6":"product_cat-esche","7":"color-hell","8":"woody-l-3-stab-schiffsboden","9":"interface-geoelt","10":"sort-ruhig","11":"refinement-fein-geschliffen","13":"first","14":"instock","15":"shipping-taxable","16":"product-type-simple"},"acf":[],"_links":{"self":[{"href":"https:\/\/berg-berg.com\/de\/wp-json\/wp\/v2\/product\/224","targetHints":{"allow":["GET"]}}],"collection":[{"href":"https:\/\/berg-berg.com\/de\/wp-json\/wp\/v2\/product"}],"about":[{"href":"https:\/\/berg-berg.com\/de\/wp-json\/wp\/v2\/types\/product"}],"wp:featuredmedia":[{"embeddable":true,"href":"https:\/\/berg-berg.com\/de\/wp-json\/wp\/v2\/media\/2244"}],"wp:attachment":[{"href":"https:\/\/berg-berg.com\/de\/wp-json\/wp\/v2\/media?parent=224"}],"wp:term":[{"taxonomy":"product_brand","embeddable":true,"href":"https:\/\/berg-berg.com\/de\/wp-json\/wp\/v2\/product_brand?post=224"},{"taxonomy":"product_cat","embeddable":true,"href":"https:\/\/berg-berg.com\/de\/wp-json\/wp\/v2\/product_cat?post=224"},{"taxonomy":"product_tag","embeddable":true,"href":"https:\/\/berg-berg.com\/de\/wp-json\/wp\/v2\/product_tag?post=224"}],"curies":[{"name":"wp","href":"https:\/\/api.w.org\/{rel}","templated":true}]}}