{"id":212,"date":"2020-03-19T06:01:35","date_gmt":"2020-03-19T05:01:35","guid":{"rendered":"https:\/\/bergberg.heska.mp\/?post_type=product&#038;p=212"},"modified":"2022-05-12T10:57:15","modified_gmt":"2022-05-12T08:57:15","slug":"bub_eiche-lappland-xxl","status":"publish","type":"product","link":"https:\/\/berg-berg.com\/de\/produkt\/bub_eiche-lappland-xxl\/","title":{"rendered":"Eiche Lappland XXL"},"content":{"rendered":"<p>Landhausdiele Fertigparkett<br \/>\nSt\u00e4rke: 14 mm<br \/>\nBreite: 195 mm<br \/>\nL\u00e4nge: 2.390 mm (inkl. max 1\/3 k\u00fcrzere L\u00e4ngen)<br \/>\nDeckschicht: 3,8 mm<br \/>\ngeb\u00fcrstet, ger\u00e4uchert, ge\u00f6lt (7414115020)<\/p>\n","protected":false},"excerpt":{"rendered":"<p>Landhausdiele Fertigparkett St\u00e4rke: 14 mm Breite: 195 mm L\u00e4nge: 2.390 mm (inkl. max 1\/3 k\u00fcrzere L\u00e4ngen) Deckschicht: 3,8 mm geb\u00fcrstet, ger\u00e4uchert, ge\u00f6lt (7414115020)<\/p>\n","protected":false},"featured_media":214,"template":"","meta":{"_acf_changed":false,"inline_featured_image":false},"product_brand":[],"product_cat":[65],"product_tag":[],"class_list":{"0":"post-212","1":"product","2":"type-product","3":"status-publish","4":"has-post-thumbnail","6":"product_cat-eiche","7":"color-dunkel","8":"woody-xxl-landhausdiele","9":"interface-geoelt","10":"sort-lebhaft","11":"refinement-gebuerstet","13":"first","14":"instock","15":"shipping-taxable","16":"product-type-simple"},"acf":[],"_links":{"self":[{"href":"https:\/\/berg-berg.com\/de\/wp-json\/wp\/v2\/product\/212","targetHints":{"allow":["GET"]}}],"collection":[{"href":"https:\/\/berg-berg.com\/de\/wp-json\/wp\/v2\/product"}],"about":[{"href":"https:\/\/berg-berg.com\/de\/wp-json\/wp\/v2\/types\/product"}],"wp:featuredmedia":[{"embeddable":true,"href":"https:\/\/berg-berg.com\/de\/wp-json\/wp\/v2\/media\/214"}],"wp:attachment":[{"href":"https:\/\/berg-berg.com\/de\/wp-json\/wp\/v2\/media?parent=212"}],"wp:term":[{"taxonomy":"product_brand","embeddable":true,"href":"https:\/\/berg-berg.com\/de\/wp-json\/wp\/v2\/product_brand?post=212"},{"taxonomy":"product_cat","embeddable":true,"href":"https:\/\/berg-berg.com\/de\/wp-json\/wp\/v2\/product_cat?post=212"},{"taxonomy":"product_tag","embeddable":true,"href":"https:\/\/berg-berg.com\/de\/wp-json\/wp\/v2\/product_tag?post=212"}],"curies":[{"name":"wp","href":"https:\/\/api.w.org\/{rel}","templated":true}]}}