{"id":207,"date":"2020-03-19T05:59:50","date_gmt":"2020-03-19T04:59:50","guid":{"rendered":"https:\/\/bergberg.heska.mp\/?post_type=product&#038;p=207"},"modified":"2021-03-08T09:55:52","modified_gmt":"2021-03-08T08:55:52","slug":"eiche-lappland-l","status":"publish","type":"product","link":"https:\/\/berg-berg.com\/de\/produkt\/eiche-lappland-l\/","title":{"rendered":"Eiche Lappland L"},"content":{"rendered":"<p>3 Stab Schiffboden Fertigparkett<br \/>\nSt\u00e4rke: 14 mm<br \/>\nBreite: 198 mm<br \/>\nL\u00e4nge: 2.390 mm<br \/>\nDeckschicht: 3,8 mm<br \/>\ngeb\u00fcrstet, ger\u00e4uchert,<br \/>\nnaturge\u00f6lt (auch in matt lackiert)<br \/>\n(7414135020)<\/p>\n","protected":false},"excerpt":{"rendered":"<p>3 Stab Schiffboden Fertigparkett St\u00e4rke: 14 mm Breite: 198 mm L\u00e4nge: 2.390 mm Deckschicht: 3,8 mm geb\u00fcrstet, ger\u00e4uchert, naturge\u00f6lt (auch in matt lackiert) (7414135020)<\/p>\n","protected":false},"featured_media":209,"template":"","meta":{"_acf_changed":false,"inline_featured_image":false},"product_brand":[],"product_cat":[65],"product_tag":[],"class_list":{"0":"post-207","1":"product","2":"type-product","3":"status-publish","4":"has-post-thumbnail","6":"product_cat-eiche","7":"color-dunkel","8":"woody-l-3-stab-schiffsboden","9":"interface-geoelt","10":"sort-astig","11":"refinement-gebuerstet","13":"first","14":"instock","15":"shipping-taxable","16":"product-type-simple"},"acf":[],"_links":{"self":[{"href":"https:\/\/berg-berg.com\/de\/wp-json\/wp\/v2\/product\/207","targetHints":{"allow":["GET"]}}],"collection":[{"href":"https:\/\/berg-berg.com\/de\/wp-json\/wp\/v2\/product"}],"about":[{"href":"https:\/\/berg-berg.com\/de\/wp-json\/wp\/v2\/types\/product"}],"wp:featuredmedia":[{"embeddable":true,"href":"https:\/\/berg-berg.com\/de\/wp-json\/wp\/v2\/media\/209"}],"wp:attachment":[{"href":"https:\/\/berg-berg.com\/de\/wp-json\/wp\/v2\/media?parent=207"}],"wp:term":[{"taxonomy":"product_brand","embeddable":true,"href":"https:\/\/berg-berg.com\/de\/wp-json\/wp\/v2\/product_brand?post=207"},{"taxonomy":"product_cat","embeddable":true,"href":"https:\/\/berg-berg.com\/de\/wp-json\/wp\/v2\/product_cat?post=207"},{"taxonomy":"product_tag","embeddable":true,"href":"https:\/\/berg-berg.com\/de\/wp-json\/wp\/v2\/product_tag?post=207"}],"curies":[{"name":"wp","href":"https:\/\/api.w.org\/{rel}","templated":true}]}}