{"id":195,"date":"2020-03-19T05:54:58","date_gmt":"2020-03-19T04:54:58","guid":{"rendered":"https:\/\/bergberg.heska.mp\/?post_type=product&#038;p=195"},"modified":"2025-07-07T14:22:08","modified_gmt":"2025-07-07T12:22:08","slug":"eiche-eriksberg-xxl-dark","status":"publish","type":"product","link":"https:\/\/berg-berg.com\/de\/produkt\/eiche-eriksberg-xxl-dark\/","title":{"rendered":"Eiche Eriksberg XXL Dark"},"content":{"rendered":"<p>Landhausdiele Fertigparkett<br \/>\nSt\u00e4rke: 14 mm<br \/>\nBreite: 198 mm<br \/>\nL\u00e4nge: 2.390 mm (inkl. max 1\/3 k\u00fcrzere L\u00e4ngen)<br \/>\nDeckschicht: 3,8 mm<br \/>\ngeb\u00fcrstet, ger\u00e4uchert, ge\u00f6lt (7416115020)<br \/>\nnat\u00fcrliche \u00c4ste und Risse werden schwarz gespachtelt<\/p>\n","protected":false},"excerpt":{"rendered":"<p>Landhausdiele Fertigparkett St\u00e4rke: 14 mm Breite: 198 mm L\u00e4nge: 2.390 mm (inkl. max 1\/3 k\u00fcrzere L\u00e4ngen) Deckschicht: 3,8 mm geb\u00fcrstet, ger\u00e4uchert, ge\u00f6lt (7416115020) nat\u00fcrliche \u00c4ste und Risse werden schwarz gespachtelt<\/p>\n","protected":false},"featured_media":196,"template":"","meta":{"_acf_changed":false,"inline_featured_image":false},"product_brand":[],"product_cat":[65],"product_tag":[],"class_list":{"0":"post-195","1":"product","2":"type-product","3":"status-publish","4":"has-post-thumbnail","6":"product_cat-eiche","7":"color-dunkel","8":"woody-xxl-landhausdiele","9":"interface-geoelt","10":"sort-astig","11":"refinement-gebuerstet","13":"first","14":"instock","15":"shipping-taxable","16":"product-type-simple"},"acf":[],"_links":{"self":[{"href":"https:\/\/berg-berg.com\/de\/wp-json\/wp\/v2\/product\/195","targetHints":{"allow":["GET"]}}],"collection":[{"href":"https:\/\/berg-berg.com\/de\/wp-json\/wp\/v2\/product"}],"about":[{"href":"https:\/\/berg-berg.com\/de\/wp-json\/wp\/v2\/types\/product"}],"wp:featuredmedia":[{"embeddable":true,"href":"https:\/\/berg-berg.com\/de\/wp-json\/wp\/v2\/media\/196"}],"wp:attachment":[{"href":"https:\/\/berg-berg.com\/de\/wp-json\/wp\/v2\/media?parent=195"}],"wp:term":[{"taxonomy":"product_brand","embeddable":true,"href":"https:\/\/berg-berg.com\/de\/wp-json\/wp\/v2\/product_brand?post=195"},{"taxonomy":"product_cat","embeddable":true,"href":"https:\/\/berg-berg.com\/de\/wp-json\/wp\/v2\/product_cat?post=195"},{"taxonomy":"product_tag","embeddable":true,"href":"https:\/\/berg-berg.com\/de\/wp-json\/wp\/v2\/product_tag?post=195"}],"curies":[{"name":"wp","href":"https:\/\/api.w.org\/{rel}","templated":true}]}}