{"id":9628,"date":"2023-01-18T09:11:36","date_gmt":"2023-01-18T08:11:36","guid":{"rendered":"https:\/\/berg-berg.com\/?page_id=9628"},"modified":"2025-07-07T13:26:46","modified_gmt":"2025-07-07T11:26:46","slug":"pflege","status":"publish","type":"page","link":"https:\/\/berg-berg.com\/de\/pflege\/","title":{"rendered":"Pflege"},"content":{"rendered":"\t\t<div data-elementor-type=\"wp-page\" data-elementor-id=\"9628\" class=\"elementor elementor-9628\" data-elementor-post-type=\"page\">\n\t\t\t\t\t\t<section class=\"elementor-section elementor-top-section elementor-element elementor-element-e5f6d3a elementor-section-boxed elementor-section-height-default elementor-section-height-default\" data-id=\"e5f6d3a\" data-element_type=\"section\" data-e-type=\"section\">\n\t\t\t\t\t\t<div class=\"elementor-container elementor-column-gap-no\">\n\t\t\t\t\t<div class=\"elementor-column elementor-col-100 elementor-top-column elementor-element elementor-element-c0039b6\" data-id=\"c0039b6\" data-element_type=\"column\" data-e-type=\"column\">\n\t\t\t<div class=\"elementor-widget-wrap elementor-element-populated\">\n\t\t\t\t\t\t<div class=\"elementor-element elementor-element-1e9d342 elementor--h-position-left elementor--v-position-bottom bergberg_pfeil_weiss yellow-frame elementor-arrows-position-inside elementor-pagination-position-inside elementor-widget elementor-widget-slides\" data-id=\"1e9d342\" data-element_type=\"widget\" data-e-type=\"widget\" data-settings=\"{&quot;navigation&quot;:&quot;both&quot;,&quot;autoplay&quot;:&quot;yes&quot;,&quot;pause_on_hover&quot;:&quot;yes&quot;,&quot;pause_on_interaction&quot;:&quot;yes&quot;,&quot;autoplay_speed&quot;:5000,&quot;infinite&quot;:&quot;yes&quot;,&quot;transition&quot;:&quot;slide&quot;,&quot;transition_speed&quot;:500}\" data-widget_type=\"slides.default\">\n\t\t\t\t<div class=\"elementor-widget-container\">\n\t\t\t\t\t\t\t\t\t<div class=\"elementor-swiper\">\n\t\t\t\t\t<div class=\"elementor-slides-wrapper elementor-main-swiper swiper\" role=\"region\" aria-roledescription=\"carousel\" aria-label=\"Slider\" dir=\"ltr\" data-animation=\"fadeInUp\">\n\t\t\t\t<div class=\"swiper-wrapper elementor-slides\">\n\t\t\t\t\t\t\t\t\t\t<div class=\"elementor-repeater-item-84ac125 swiper-slide\" role=\"group\" aria-roledescription=\"slide\"><div class=\"swiper-slide-bg\" role=\"img\" aria-label=\"03_5F6W0525\"><\/div><div class=\"swiper-slide-inner\" ><div class=\"swiper-slide-contents\"><div class=\"elementor-slide-heading\">So macht Pflege Freude<\/div><div class=\"elementor-slide-description\">&nbsp;<\/div><\/div><\/div><\/div>\t\t\t\t<\/div>\n\t\t\t\t\t\t\t<\/div>\n\t\t\t\t<\/div>\n\t\t\t\t\t\t\t\t<\/div>\n\t\t\t\t<\/div>\n\t\t\t\t\t<\/div>\n\t\t<\/div>\n\t\t\t\t\t<\/div>\n\t\t<\/section>\n\t\t\t\t<section class=\"elementor-section elementor-top-section elementor-element elementor-element-a0a96ca elementor-section-boxed elementor-section-height-default elementor-section-height-default\" data-id=\"a0a96ca\" data-element_type=\"section\" data-e-type=\"section\">\n\t\t\t\t\t\t<div class=\"elementor-container elementor-column-gap-no\">\n\t\t\t\t\t<div class=\"elementor-column elementor-col-100 elementor-top-column elementor-element elementor-element-ab4ebb9\" data-id=\"ab4ebb9\" data-element_type=\"column\" data-e-type=\"column\">\n\t\t\t<div class=\"elementor-widget-wrap elementor-element-populated\">\n\t\t\t\t\t\t<div class=\"elementor-element elementor-element-bd93936 elementor-widget elementor-widget-text-editor\" data-id=\"bd93936\" data-element_type=\"widget\" data-e-type=\"widget\" data-widget_type=\"text-editor.default\">\n\t\t\t\t<div class=\"elementor-widget-container\">\n\t\t\t\t\t\t\t\t\t<p><strong><b data-stringify-type=\"bold\">Ge\u00f6lte B\u00f6den einfach pflegen<\/b><\/strong><\/p>\t\t\t\t\t\t\t\t<\/div>\n\t\t\t\t<\/div>\n\t\t\t\t\t<\/div>\n\t\t<\/div>\n\t\t\t\t\t<\/div>\n\t\t<\/section>\n\t\t\t\t<section class=\"elementor-section elementor-top-section elementor-element elementor-element-689514b acp-dot elementor-section-boxed elementor-section-height-default elementor-section-height-default\" data-id=\"689514b\" data-element_type=\"section\" data-e-type=\"section\" id=\"beispiele\">\n\t\t\t\t\t\t<div class=\"elementor-container elementor-column-gap-no\">\n\t\t\t\t\t<div class=\"elementor-column elementor-col-100 elementor-top-column elementor-element elementor-element-2a93e65\" data-id=\"2a93e65\" data-element_type=\"column\" data-e-type=\"column\">\n\t\t\t<div class=\"elementor-widget-wrap elementor-element-populated\">\n\t\t\t\t\t\t<div class=\"elementor-element elementor-element-3592ee0 elementor-widget elementor-widget-spacer\" data-id=\"3592ee0\" data-element_type=\"widget\" data-e-type=\"widget\" data-widget_type=\"spacer.default\">\n\t\t\t\t<div class=\"elementor-widget-container\">\n\t\t\t\t\t\t\t<div class=\"elementor-spacer\">\n\t\t\t<div class=\"elementor-spacer-inner\"><\/div>\n\t\t<\/div>\n\t\t\t\t\t\t<\/div>\n\t\t\t\t<\/div>\n\t\t\t\t<div class=\"elementor-element elementor-element-97cb00e elementor-widget elementor-widget-text-editor\" data-id=\"97cb00e\" data-element_type=\"widget\" data-e-type=\"widget\" data-widget_type=\"text-editor.default\">\n\t\t\t\t<div class=\"elementor-widget-container\">\n\t\t\t\t\t\t\t\t\t<p>Dort, wo Berg &amp; Berg B\u00f6den liegen, spielt das Leben.<br \/>Mit nur geringem Aufwand kannst Du unser Parkett pflegen und so f\u00fcr lebenslange Freude sorgen.<\/p>\t\t\t\t\t\t\t\t<\/div>\n\t\t\t\t<\/div>\n\t\t\t\t<div class=\"elementor-element elementor-element-a630d64 elementor-widget elementor-widget-spacer\" data-id=\"a630d64\" data-element_type=\"widget\" data-e-type=\"widget\" data-widget_type=\"spacer.default\">\n\t\t\t\t<div class=\"elementor-widget-container\">\n\t\t\t\t\t\t\t<div class=\"elementor-spacer\">\n\t\t\t<div class=\"elementor-spacer-inner\"><\/div>\n\t\t<\/div>\n\t\t\t\t\t\t<\/div>\n\t\t\t\t<\/div>\n\t\t\t\t\t<\/div>\n\t\t<\/div>\n\t\t\t\t\t<\/div>\n\t\t<\/section>\n\t\t\t\t<section class=\"elementor-section elementor-top-section elementor-element elementor-element-60b1565 acp-dot elementor-hidden-desktop elementor-hidden-tablet elementor-hidden-phone elementor-section-boxed elementor-section-height-default elementor-section-height-default\" data-id=\"60b1565\" data-element_type=\"section\" data-e-type=\"section\" id=\"aktion\">\n\t\t\t\t\t\t<div class=\"elementor-container elementor-column-gap-default\">\n\t\t\t\t\t<div class=\"elementor-column elementor-col-100 elementor-top-column elementor-element elementor-element-da4b048\" data-id=\"da4b048\" data-element_type=\"column\" data-e-type=\"column\">\n\t\t\t<div class=\"elementor-widget-wrap elementor-element-populated\">\n\t\t\t\t\t\t<div class=\"elementor-element elementor-element-c8faf5b elementor-widget elementor-widget-text-editor\" data-id=\"c8faf5b\" data-element_type=\"widget\" data-e-type=\"widget\" data-widget_type=\"text-editor.default\">\n\t\t\t\t<div class=\"elementor-widget-container\">\n\t\t\t\t\t\t\t\t\t<p><strong>Aktionsbeileger<\/strong><\/p>\t\t\t\t\t\t\t\t<\/div>\n\t\t\t\t<\/div>\n\t\t\t\t\t<\/div>\n\t\t<\/div>\n\t\t\t\t\t<\/div>\n\t\t<\/section>\n\t\t\t\t<section class=\"elementor-section elementor-top-section elementor-element elementor-element-e9fd20a elementor-hidden-desktop elementor-hidden-tablet elementor-hidden-phone elementor-section-boxed elementor-section-height-default elementor-section-height-default\" data-id=\"e9fd20a\" data-element_type=\"section\" data-e-type=\"section\">\n\t\t\t\t\t\t<div class=\"elementor-container elementor-column-gap-default\">\n\t\t\t\t\t<div class=\"elementor-column elementor-col-33 elementor-top-column elementor-element elementor-element-2d07147\" data-id=\"2d07147\" data-element_type=\"column\" data-e-type=\"column\">\n\t\t\t<div class=\"elementor-widget-wrap elementor-element-populated\">\n\t\t\t\t\t\t<div class=\"elementor-element elementor-element-932bbb5 elementor-widget elementor-widget-image\" data-id=\"932bbb5\" data-element_type=\"widget\" data-e-type=\"widget\" data-widget_type=\"image.default\">\n\t\t\t\t<div class=\"elementor-widget-container\">\n\t\t\t\t\t\t\t\t\t\t\t\t<figure class=\"wp-caption\">\n\t\t\t\t\t\t\t\t\t\t\t<a href=\"https:\/\/berg-berg.com\/wp-content\/uploads\/2020\/12\/BUB_Beileger-Neutral-2021-8S-WEB.pdf\" target=\"_blank\">\n\t\t\t\t\t\t\t<img fetchpriority=\"high\" decoding=\"async\" width=\"750\" height=\"493\" src=\"https:\/\/berg-berg.com\/wp-content\/uploads\/2020\/12\/BUB_Beileger-Neutral-2021.png\" class=\"attachment-large size-large wp-image-6567\" alt=\"\" srcset=\"https:\/\/berg-berg.com\/wp-content\/uploads\/2020\/12\/BUB_Beileger-Neutral-2021.png 750w, https:\/\/berg-berg.com\/wp-content\/uploads\/2020\/12\/BUB_Beileger-Neutral-2021-300x197.png 300w\" sizes=\"(max-width: 750px) 100vw, 750px\" \/>\t\t\t\t\t\t\t\t<\/a>\n\t\t\t\t\t\t\t\t\t\t\t<figcaption class=\"widget-image-caption wp-caption-text\">2021<\/figcaption>\n\t\t\t\t\t\t\t\t\t\t<\/figure>\n\t\t\t\t\t\t\t\t\t<\/div>\n\t\t\t\t<\/div>\n\t\t\t\t\t<\/div>\n\t\t<\/div>\n\t\t\t\t<div class=\"elementor-column elementor-col-33 elementor-top-column elementor-element elementor-element-20b45ec\" data-id=\"20b45ec\" data-element_type=\"column\" data-e-type=\"column\">\n\t\t\t<div class=\"elementor-widget-wrap elementor-element-populated\">\n\t\t\t\t\t\t<div class=\"elementor-element elementor-element-4332459 elementor-widget elementor-widget-image\" data-id=\"4332459\" data-element_type=\"widget\" data-e-type=\"widget\" data-widget_type=\"image.default\">\n\t\t\t\t<div class=\"elementor-widget-container\">\n\t\t\t\t\t\t\t\t\t\t\t\t<figure class=\"wp-caption\">\n\t\t\t\t\t\t\t\t\t\t\t<a href=\"https:\/\/berg-berg.com\/wp-content\/uploads\/2021\/01\/BUB_PL2020-Druckkosten-Aktionsbeileger-DE-DV.pdf\" target=\"_blank\">\n\t\t\t\t\t\t\t<img decoding=\"async\" width=\"750\" height=\"493\" src=\"https:\/\/berg-berg.com\/wp-content\/uploads\/2021\/01\/BUB_Druckkostenuebersicht-Aktionsbeileger-2021-1.png\" class=\"attachment-large size-large wp-image-6734\" alt=\"\" srcset=\"https:\/\/berg-berg.com\/wp-content\/uploads\/2021\/01\/BUB_Druckkostenuebersicht-Aktionsbeileger-2021-1.png 750w, https:\/\/berg-berg.com\/wp-content\/uploads\/2021\/01\/BUB_Druckkostenuebersicht-Aktionsbeileger-2021-1-300x197.png 300w\" sizes=\"(max-width: 750px) 100vw, 750px\" \/>\t\t\t\t\t\t\t\t<\/a>\n\t\t\t\t\t\t\t\t\t\t\t<figcaption class=\"widget-image-caption wp-caption-text\">Druckkosten\u00fcbersicht Aktionsbeileger<\/figcaption>\n\t\t\t\t\t\t\t\t\t\t<\/figure>\n\t\t\t\t\t\t\t\t\t<\/div>\n\t\t\t\t<\/div>\n\t\t\t\t\t<\/div>\n\t\t<\/div>\n\t\t\t\t<div class=\"elementor-column elementor-col-33 elementor-top-column elementor-element elementor-element-e4714be\" data-id=\"e4714be\" data-element_type=\"column\" data-e-type=\"column\">\n\t\t\t<div class=\"elementor-widget-wrap\">\n\t\t\t\t\t\t\t<\/div>\n\t\t<\/div>\n\t\t\t\t\t<\/div>\n\t\t<\/section>\n\t\t\t\t<section class=\"elementor-section elementor-top-section elementor-element elementor-element-2e2758e acp-dot elementor-section-boxed elementor-section-height-default elementor-section-height-default\" data-id=\"2e2758e\" data-element_type=\"section\" data-e-type=\"section\" id=\"info\">\n\t\t\t\t\t\t<div class=\"elementor-container elementor-column-gap-default\">\n\t\t\t\t\t<div class=\"elementor-column elementor-col-100 elementor-top-column elementor-element elementor-element-08734ac\" data-id=\"08734ac\" data-element_type=\"column\" data-e-type=\"column\">\n\t\t\t<div class=\"elementor-widget-wrap elementor-element-populated\">\n\t\t\t\t\t\t<div class=\"elementor-element elementor-element-77820da elementor-widget elementor-widget-text-editor\" data-id=\"77820da\" data-element_type=\"widget\" data-e-type=\"widget\" data-widget_type=\"text-editor.default\">\n\t\t\t\t<div class=\"elementor-widget-container\">\n\t\t\t\t\t\t\t\t\t<p><strong>Informationsmaterial<\/strong><\/p>\t\t\t\t\t\t\t\t<\/div>\n\t\t\t\t<\/div>\n\t\t\t\t\t<\/div>\n\t\t<\/div>\n\t\t\t\t\t<\/div>\n\t\t<\/section>\n\t\t\t\t<section class=\"elementor-section elementor-top-section elementor-element elementor-element-9d4315a elementor-section-boxed elementor-section-height-default elementor-section-height-default\" data-id=\"9d4315a\" data-element_type=\"section\" data-e-type=\"section\">\n\t\t\t\t\t\t<div class=\"elementor-container elementor-column-gap-default\">\n\t\t\t\t\t<div class=\"elementor-column elementor-col-33 elementor-top-column elementor-element elementor-element-982204a\" data-id=\"982204a\" data-element_type=\"column\" data-e-type=\"column\">\n\t\t\t<div class=\"elementor-widget-wrap elementor-element-populated\">\n\t\t\t\t\t\t<div class=\"elementor-element elementor-element-21eb992 elementor-widget elementor-widget-image\" data-id=\"21eb992\" data-element_type=\"widget\" data-e-type=\"widget\" data-widget_type=\"image.default\">\n\t\t\t\t<div class=\"elementor-widget-container\">\n\t\t\t\t\t\t\t\t\t\t\t\t<figure class=\"wp-caption\">\n\t\t\t\t\t\t\t\t\t\t\t<a href=\"https:\/\/berg-berg.com\/wp-content\/uploads\/2024\/07\/Pflegeleitfaden_Juli-2024.pdf\" target=\"_blank\">\n\t\t\t\t\t\t\t<img decoding=\"async\" width=\"800\" height=\"527\" src=\"https:\/\/berg-berg.com\/wp-content\/uploads\/2023\/01\/BUB_Pflegeleitfaden-2023-1024x674.jpg\" class=\"attachment-large size-large wp-image-9695\" alt=\"\" srcset=\"https:\/\/berg-berg.com\/wp-content\/uploads\/2023\/01\/BUB_Pflegeleitfaden-2023-1024x674.jpg 1024w, https:\/\/berg-berg.com\/wp-content\/uploads\/2023\/01\/BUB_Pflegeleitfaden-2023-347x228.jpg 347w, https:\/\/berg-berg.com\/wp-content\/uploads\/2023\/01\/BUB_Pflegeleitfaden-2023-768x505.jpg 768w, https:\/\/berg-berg.com\/wp-content\/uploads\/2023\/01\/BUB_Pflegeleitfaden-2023-1536x1011.jpg 1536w, https:\/\/berg-berg.com\/wp-content\/uploads\/2023\/01\/BUB_Pflegeleitfaden-2023-2048x1348.jpg 2048w, https:\/\/berg-berg.com\/wp-content\/uploads\/2023\/01\/BUB_Pflegeleitfaden-2023-1050x691.jpg 1050w\" sizes=\"(max-width: 800px) 100vw, 800px\" \/>\t\t\t\t\t\t\t\t<\/a>\n\t\t\t\t\t\t\t\t\t\t\t<figcaption class=\"widget-image-caption wp-caption-text\">Pflegeleitfaden ge\u00f6lte Produkte<\/figcaption>\n\t\t\t\t\t\t\t\t\t\t<\/figure>\n\t\t\t\t\t\t\t\t\t<\/div>\n\t\t\t\t<\/div>\n\t\t\t\t\t<\/div>\n\t\t<\/div>\n\t\t\t\t<div class=\"elementor-column elementor-col-33 elementor-top-column elementor-element elementor-element-1c195ee\" data-id=\"1c195ee\" data-element_type=\"column\" data-e-type=\"column\">\n\t\t\t<div class=\"elementor-widget-wrap elementor-element-populated\">\n\t\t\t\t\t\t<div class=\"elementor-element elementor-element-caeb539 elementor-widget elementor-widget-image\" data-id=\"caeb539\" data-element_type=\"widget\" data-e-type=\"widget\" data-widget_type=\"image.default\">\n\t\t\t\t<div class=\"elementor-widget-container\">\n\t\t\t\t\t\t\t\t\t\t\t\t<figure class=\"wp-caption\">\n\t\t\t\t\t\t\t\t\t\t\t<a href=\"https:\/\/berg-berg.com\/wp-content\/uploads\/2024\/07\/Ersteinpflege_Juli-2024.pdf\" target=\"_blank\">\n\t\t\t\t\t\t\t<img loading=\"lazy\" decoding=\"async\" width=\"800\" height=\"527\" src=\"https:\/\/berg-berg.com\/wp-content\/uploads\/2024\/10\/BUB_Ersteinpflege_2024-1024x674.png\" class=\"attachment-large size-large wp-image-99535\" alt=\"\" srcset=\"https:\/\/berg-berg.com\/wp-content\/uploads\/2024\/10\/BUB_Ersteinpflege_2024-1024x674.png 1024w, https:\/\/berg-berg.com\/wp-content\/uploads\/2024\/10\/BUB_Ersteinpflege_2024-1050x691.png 1050w, https:\/\/berg-berg.com\/wp-content\/uploads\/2024\/10\/BUB_Ersteinpflege_2024-347x228.png 347w, https:\/\/berg-berg.com\/wp-content\/uploads\/2024\/10\/BUB_Ersteinpflege_2024-768x505.png 768w, https:\/\/berg-berg.com\/wp-content\/uploads\/2024\/10\/BUB_Ersteinpflege_2024-1536x1010.png 1536w, https:\/\/berg-berg.com\/wp-content\/uploads\/2024\/10\/BUB_Ersteinpflege_2024-2048x1347.png 2048w, https:\/\/berg-berg.com\/wp-content\/uploads\/2024\/10\/BUB_Ersteinpflege_2024-1250x822.png 1250w\" sizes=\"(max-width: 800px) 100vw, 800px\" \/>\t\t\t\t\t\t\t\t<\/a>\n\t\t\t\t\t\t\t\t\t\t\t<figcaption class=\"widget-image-caption wp-caption-text\">Ersteinpflege f\u00fcr ge\u00f6lte B\u00f6den<\/figcaption>\n\t\t\t\t\t\t\t\t\t\t<\/figure>\n\t\t\t\t\t\t\t\t\t<\/div>\n\t\t\t\t<\/div>\n\t\t\t\t\t<\/div>\n\t\t<\/div>\n\t\t\t\t<div class=\"elementor-column elementor-col-33 elementor-top-column elementor-element elementor-element-6087fe8\" data-id=\"6087fe8\" data-element_type=\"column\" data-e-type=\"column\">\n\t\t\t<div class=\"elementor-widget-wrap elementor-element-populated\">\n\t\t\t\t\t\t<div class=\"elementor-element elementor-element-dcf5c0d elementor-widget elementor-widget-image\" data-id=\"dcf5c0d\" data-element_type=\"widget\" data-e-type=\"widget\" data-widget_type=\"image.default\">\n\t\t\t\t<div class=\"elementor-widget-container\">\n\t\t\t\t\t\t\t\t\t\t\t\t<figure class=\"wp-caption\">\n\t\t\t\t\t\t\t\t\t\t\t<a href=\"https:\/\/berg-berg.com\/wp-content\/uploads\/2024\/07\/Unterhaltsreinigung_Juli-2024.pdf\" target=\"_blank\">\n\t\t\t\t\t\t\t<img loading=\"lazy\" decoding=\"async\" width=\"2560\" height=\"1684\" src=\"https:\/\/berg-berg.com\/wp-content\/uploads\/2024\/10\/BUB_Unterhaltsreinigung_2024.png\" class=\"attachment-full size-full wp-image-99544\" alt=\"\" srcset=\"https:\/\/berg-berg.com\/wp-content\/uploads\/2024\/10\/BUB_Unterhaltsreinigung_2024.png 2560w, https:\/\/berg-berg.com\/wp-content\/uploads\/2024\/10\/BUB_Unterhaltsreinigung_2024-1050x691.png 1050w, https:\/\/berg-berg.com\/wp-content\/uploads\/2024\/10\/BUB_Unterhaltsreinigung_2024-347x228.png 347w, https:\/\/berg-berg.com\/wp-content\/uploads\/2024\/10\/BUB_Unterhaltsreinigung_2024-1024x674.png 1024w, https:\/\/berg-berg.com\/wp-content\/uploads\/2024\/10\/BUB_Unterhaltsreinigung_2024-768x505.png 768w, https:\/\/berg-berg.com\/wp-content\/uploads\/2024\/10\/BUB_Unterhaltsreinigung_2024-1536x1010.png 1536w, https:\/\/berg-berg.com\/wp-content\/uploads\/2024\/10\/BUB_Unterhaltsreinigung_2024-2048x1347.png 2048w, https:\/\/berg-berg.com\/wp-content\/uploads\/2024\/10\/BUB_Unterhaltsreinigung_2024-1250x822.png 1250w\" sizes=\"(max-width: 2560px) 100vw, 2560px\" \/>\t\t\t\t\t\t\t\t<\/a>\n\t\t\t\t\t\t\t\t\t\t\t<figcaption class=\"widget-image-caption wp-caption-text\">Unterhaltreinigung f\u00fcr ge\u00f6lte B\u00f6den<\/figcaption>\n\t\t\t\t\t\t\t\t\t\t<\/figure>\n\t\t\t\t\t\t\t\t\t<\/div>\n\t\t\t\t<\/div>\n\t\t\t\t\t<\/div>\n\t\t<\/div>\n\t\t\t\t\t<\/div>\n\t\t<\/section>\n\t\t\t\t<section class=\"elementor-section elementor-top-section elementor-element elementor-element-abd1fb3 elementor-section-boxed elementor-section-height-default elementor-section-height-default\" data-id=\"abd1fb3\" data-element_type=\"section\" data-e-type=\"section\">\n\t\t\t\t\t\t<div class=\"elementor-container elementor-column-gap-default\">\n\t\t\t\t\t<div class=\"elementor-column elementor-col-33 elementor-top-column elementor-element elementor-element-75f9979\" data-id=\"75f9979\" data-element_type=\"column\" data-e-type=\"column\">\n\t\t\t<div class=\"elementor-widget-wrap elementor-element-populated\">\n\t\t\t\t\t\t<div class=\"elementor-element elementor-element-6f545c6 elementor-widget elementor-widget-image\" data-id=\"6f545c6\" data-element_type=\"widget\" data-e-type=\"widget\" data-widget_type=\"image.default\">\n\t\t\t\t<div class=\"elementor-widget-container\">\n\t\t\t\t\t\t\t\t\t\t\t\t<figure class=\"wp-caption\">\n\t\t\t\t\t\t\t\t\t\t\t<a href=\"https:\/\/berg-berg.com\/wp-content\/uploads\/2024\/07\/Renovierung_Juli-2024.pdf\" target=\"_blank\">\n\t\t\t\t\t\t\t<img loading=\"lazy\" decoding=\"async\" width=\"800\" height=\"527\" src=\"https:\/\/berg-berg.com\/wp-content\/uploads\/2023\/01\/BUB_Pflegematrix-Renovierung-2023-1024x674.jpg\" class=\"attachment-large size-large wp-image-9603\" alt=\"\" srcset=\"https:\/\/berg-berg.com\/wp-content\/uploads\/2023\/01\/BUB_Pflegematrix-Renovierung-2023-1024x674.jpg 1024w, https:\/\/berg-berg.com\/wp-content\/uploads\/2023\/01\/BUB_Pflegematrix-Renovierung-2023-347x228.jpg 347w, https:\/\/berg-berg.com\/wp-content\/uploads\/2023\/01\/BUB_Pflegematrix-Renovierung-2023-768x505.jpg 768w, https:\/\/berg-berg.com\/wp-content\/uploads\/2023\/01\/BUB_Pflegematrix-Renovierung-2023-1536x1011.jpg 1536w, https:\/\/berg-berg.com\/wp-content\/uploads\/2023\/01\/BUB_Pflegematrix-Renovierung-2023-2048x1348.jpg 2048w, https:\/\/berg-berg.com\/wp-content\/uploads\/2023\/01\/BUB_Pflegematrix-Renovierung-2023-1050x691.jpg 1050w\" sizes=\"(max-width: 800px) 100vw, 800px\" \/>\t\t\t\t\t\t\t\t<\/a>\n\t\t\t\t\t\t\t\t\t\t\t<figcaption class=\"widget-image-caption wp-caption-text\">Renovierung abgenutzter oder verschmutzter B\u00f6den<\/figcaption>\n\t\t\t\t\t\t\t\t\t\t<\/figure>\n\t\t\t\t\t\t\t\t\t<\/div>\n\t\t\t\t<\/div>\n\t\t\t\t\t<\/div>\n\t\t<\/div>\n\t\t\t\t<div class=\"elementor-column elementor-col-33 elementor-top-column elementor-element elementor-element-c488143\" data-id=\"c488143\" data-element_type=\"column\" data-e-type=\"column\">\n\t\t\t<div class=\"elementor-widget-wrap\">\n\t\t\t\t\t\t\t<\/div>\n\t\t<\/div>\n\t\t\t\t<div class=\"elementor-column elementor-col-33 elementor-top-column elementor-element elementor-element-50f3f84\" data-id=\"50f3f84\" data-element_type=\"column\" data-e-type=\"column\">\n\t\t\t<div class=\"elementor-widget-wrap\">\n\t\t\t\t\t\t\t<\/div>\n\t\t<\/div>\n\t\t\t\t\t<\/div>\n\t\t<\/section>\n\t\t\t\t<section class=\"elementor-section elementor-top-section elementor-element elementor-element-27cbfbe acp-dot elementor-section-boxed elementor-section-height-default elementor-section-height-default\" data-id=\"27cbfbe\" data-element_type=\"section\" data-e-type=\"section\" id=\"video\">\n\t\t\t\t\t\t<div class=\"elementor-container elementor-column-gap-default\">\n\t\t\t\t\t<div class=\"elementor-column elementor-col-100 elementor-top-column elementor-element elementor-element-336068b\" data-id=\"336068b\" data-element_type=\"column\" data-e-type=\"column\">\n\t\t\t<div class=\"elementor-widget-wrap elementor-element-populated\">\n\t\t\t\t<!-- dce invisible element 1b5b55b -->\t\t\t<\/div>\n\t\t<\/div>\n\t\t\t\t\t<\/div>\n\t\t<\/section>\n\t\t<!-- dce invisible element 4f68612 -->\t\t<section class=\"elementor-section elementor-top-section elementor-element elementor-element-511432a elementor-section-boxed elementor-section-height-default elementor-section-height-default\" data-id=\"511432a\" data-element_type=\"section\" data-e-type=\"section\">\n\t\t\t\t\t\t<div class=\"elementor-container elementor-column-gap-default\">\n\t\t\t\t\t<div class=\"elementor-column elementor-col-100 elementor-top-column elementor-element elementor-element-b8ce5a8\" data-id=\"b8ce5a8\" data-element_type=\"column\" data-e-type=\"column\">\n\t\t\t<div class=\"elementor-widget-wrap elementor-element-populated\">\n\t\t\t\t\t\t<div class=\"elementor-element elementor-element-32aba32 elementor-widget elementor-widget-spacer\" data-id=\"32aba32\" data-element_type=\"widget\" data-e-type=\"widget\" data-widget_type=\"spacer.default\">\n\t\t\t\t<div class=\"elementor-widget-container\">\n\t\t\t\t\t\t\t<div class=\"elementor-spacer\">\n\t\t\t<div class=\"elementor-spacer-inner\"><\/div>\n\t\t<\/div>\n\t\t\t\t\t\t<\/div>\n\t\t\t\t<\/div>\n\t\t\t\t\t<\/div>\n\t\t<\/div>\n\t\t\t\t\t<\/div>\n\t\t<\/section>\n\t\t\t\t<\/div>\n\t\t","protected":false},"excerpt":{"rendered":"<p>So macht Pflege Freude&nbsp; Ge\u00f6lte B\u00f6den einfach pflegen Dort, wo Berg &amp; Berg B\u00f6den liegen, spielt das Leben.Mit nur geringem Aufwand kannst Du unser Parkett pflegen und so f\u00fcr lebenslange Freude sorgen. Aktionsbeileger 2021 Druckkosten\u00fcbersicht Aktionsbeileger Informationsmaterial Pflegeleitfaden ge\u00f6lte Produkte Ersteinpflege f\u00fcr ge\u00f6lte B\u00f6den Unterhaltreinigung f\u00fcr ge\u00f6lte B\u00f6den Renovierung abgenutzter oder verschmutzter B\u00f6den Video Urheber [&hellip;]<\/p>\n","protected":false},"author":1,"featured_media":0,"parent":0,"menu_order":0,"comment_status":"closed","ping_status":"closed","template":"","meta":{"_acf_changed":false,"inline_featured_image":false,"footnotes":""},"class_list":["post-9628","page","type-page","status-publish","hentry"],"acf":[],"_links":{"self":[{"href":"https:\/\/berg-berg.com\/de\/wp-json\/wp\/v2\/pages\/9628","targetHints":{"allow":["GET"]}}],"collection":[{"href":"https:\/\/berg-berg.com\/de\/wp-json\/wp\/v2\/pages"}],"about":[{"href":"https:\/\/berg-berg.com\/de\/wp-json\/wp\/v2\/types\/page"}],"author":[{"embeddable":true,"href":"https:\/\/berg-berg.com\/de\/wp-json\/wp\/v2\/users\/1"}],"replies":[{"embeddable":true,"href":"https:\/\/berg-berg.com\/de\/wp-json\/wp\/v2\/comments?post=9628"}],"version-history":[{"count":30,"href":"https:\/\/berg-berg.com\/de\/wp-json\/wp\/v2\/pages\/9628\/revisions"}],"predecessor-version":[{"id":100437,"href":"https:\/\/berg-berg.com\/de\/wp-json\/wp\/v2\/pages\/9628\/revisions\/100437"}],"wp:attachment":[{"href":"https:\/\/berg-berg.com\/de\/wp-json\/wp\/v2\/media?parent=9628"}],"curies":[{"name":"wp","href":"https:\/\/api.w.org\/{rel}","templated":true}]}}